{"id":38,"date":"2017-01-09T07:43:32","date_gmt":"2017-01-09T07:43:32","guid":{"rendered":"http:\/\/leihouse.apps-1and1.net\/?page_id=38"},"modified":"2019-12-29T20:36:28","modified_gmt":"2019-12-29T20:36:28","slug":"camps","status":"publish","type":"page","link":"https:\/\/leihouse.com\/de\/camps","title":{"rendered":"Camps"},"content":{"rendered":"<p class=\"p1\"><span class=\"s1\">Die Ferme Leihouse accueille aussi r\u00e9guli\u00e8rement des camps de jeunes. Les campeurs apportent plein de vie \u00e0 la ferme et de beaux souvenirs restent grav\u00e9s autant dans la m\u00e9moire des campeurs que dans la n\u00f4tre ! Voici quelques exemples de ces\u00a0camps :<\/span><\/p>\n<div>\n<ul>\n<li>CAMP FRANCE 2008\/2010:<\/li>\n<\/ul>\n<\/div>\n<p>\u00ab CAMP France 2008\/2010\u00bb est un camp qui nous est venu d\u2019Angleterre. Les campeurs ont dormi \u00e0 la ferme et ont profit\u00e9 des nombreuses activit\u00e9s pouvant \u00eatre r\u00e9alis\u00e9es dans la r\u00e9gion.<\/p>\n<ul>\n<li>Des groupes de jeunes d&#8217;\u00e9glises:<\/li>\n<\/ul>\n<p><img loading=\"lazy\" decoding=\"async\" class=\"alignnone size-large wp-image-310\" src=\"https:\/\/leihouse.com\/wp-content\/uploads\/2017\/01\/Camp_Kids1-1024x681.jpg\" alt=\"\" width=\"640\" height=\"426\" srcset=\"https:\/\/leihouse.com\/wp-content\/uploads\/2017\/01\/Camp_Kids1-1024x681.jpg 1024w, https:\/\/leihouse.com\/wp-content\/uploads\/2017\/01\/Camp_Kids1-300x199.jpg 300w, https:\/\/leihouse.com\/wp-content\/uploads\/2017\/01\/Camp_Kids1-768x511.jpg 768w\" sizes=\"auto, (max-width: 640px) 100vw, 640px\" \/><\/p>\n<p><a href=\"https:\/\/leihouse.com\/wp-content\/uploads\/2017\/01\/Camp_Kids_Activity.jpg\"><img loading=\"lazy\" decoding=\"async\" class=\"alignnone size-large wp-image-306\" src=\"https:\/\/leihouse.com\/wp-content\/uploads\/2017\/01\/Camp_Kids_Activity-1024x681.jpg\" alt=\"\" width=\"640\" height=\"426\" srcset=\"https:\/\/leihouse.com\/wp-content\/uploads\/2017\/01\/Camp_Kids_Activity-1024x681.jpg 1024w, https:\/\/leihouse.com\/wp-content\/uploads\/2017\/01\/Camp_Kids_Activity-300x199.jpg 300w, https:\/\/leihouse.com\/wp-content\/uploads\/2017\/01\/Camp_Kids_Activity-768x511.jpg 768w\" sizes=\"auto, (max-width: 640px) 100vw, 640px\" \/><\/a><\/p>\n<p><a href=\"https:\/\/leihouse.com\/wp-content\/uploads\/2017\/01\/Camp_Kids_Grass.jpg\"><img loading=\"lazy\" decoding=\"async\" class=\"alignnone size-large wp-image-307\" src=\"https:\/\/leihouse.com\/wp-content\/uploads\/2017\/01\/Camp_Kids_Grass-1024x681.jpg\" alt=\"\" width=\"640\" height=\"426\" srcset=\"https:\/\/leihouse.com\/wp-content\/uploads\/2017\/01\/Camp_Kids_Grass-1024x681.jpg 1024w, https:\/\/leihouse.com\/wp-content\/uploads\/2017\/01\/Camp_Kids_Grass-300x199.jpg 300w, https:\/\/leihouse.com\/wp-content\/uploads\/2017\/01\/Camp_Kids_Grass-768x511.jpg 768w\" sizes=\"auto, (max-width: 640px) 100vw, 640px\" \/><\/a><\/p>\n<p><a href=\"https:\/\/leihouse.com\/wp-content\/uploads\/2017\/01\/Camp_Kids_Relax.jpg\"><img loading=\"lazy\" decoding=\"async\" class=\"alignnone size-large wp-image-308\" src=\"https:\/\/leihouse.com\/wp-content\/uploads\/2017\/01\/Camp_Kids_Relax-1024x681.jpg\" alt=\"\" width=\"640\" height=\"426\" srcset=\"https:\/\/leihouse.com\/wp-content\/uploads\/2017\/01\/Camp_Kids_Relax-1024x681.jpg 1024w, https:\/\/leihouse.com\/wp-content\/uploads\/2017\/01\/Camp_Kids_Relax-300x199.jpg 300w, https:\/\/leihouse.com\/wp-content\/uploads\/2017\/01\/Camp_Kids_Relax-768x511.jpg 768w\" sizes=\"auto, (max-width: 640px) 100vw, 640px\" \/><\/a><\/p>\n<p><a href=\"https:\/\/leihouse.com\/wp-content\/uploads\/2017\/01\/Camp_Kids_Tents.jpg\"><img loading=\"lazy\" decoding=\"async\" class=\"alignnone size-large wp-image-309\" src=\"https:\/\/leihouse.com\/wp-content\/uploads\/2017\/01\/Camp_Kids_Tents-1024x495.jpg\" alt=\"\" width=\"640\" height=\"309\" srcset=\"https:\/\/leihouse.com\/wp-content\/uploads\/2017\/01\/Camp_Kids_Tents-1024x495.jpg 1024w, https:\/\/leihouse.com\/wp-content\/uploads\/2017\/01\/Camp_Kids_Tents-300x145.jpg 300w, https:\/\/leihouse.com\/wp-content\/uploads\/2017\/01\/Camp_Kids_Tents-768x371.jpg 768w\" sizes=\"auto, (max-width: 640px) 100vw, 640px\" \/><\/a><\/p>\n<p><a href=\"https:\/\/leihouse.com\/wp-content\/uploads\/2017\/01\/Camp_Kids_Packing.jpg\"><img loading=\"lazy\" decoding=\"async\" class=\"alignnone size-large wp-image-311\" src=\"https:\/\/leihouse.com\/wp-content\/uploads\/2017\/01\/Camp_Kids_Packing-1024x681.jpg\" alt=\"\" width=\"640\" height=\"426\" srcset=\"https:\/\/leihouse.com\/wp-content\/uploads\/2017\/01\/Camp_Kids_Packing-1024x681.jpg 1024w, https:\/\/leihouse.com\/wp-content\/uploads\/2017\/01\/Camp_Kids_Packing-300x199.jpg 300w, https:\/\/leihouse.com\/wp-content\/uploads\/2017\/01\/Camp_Kids_Packing-768x511.jpg 768w\" sizes=\"auto, (max-width: 640px) 100vw, 640px\" \/><\/a><\/p>\n<p><a href=\"https:\/\/leihouse.com\/\">Accueil<\/a>\u00a0| <a href=\"https:\/\/leihouse.com\/category\/events\">M\u00e9dias<\/a><\/p>\n","protected":false},"excerpt":{"rendered":"<p>Die Ferme Leihouse accueille aussi r\u00e9guli\u00e8rement des camps de jeunes. Les campeurs apportent plein de vie \u00e0 la ferme et de beaux souvenirs restent grav\u00e9s autant dans la m\u00e9moire des campeurs que dans la n\u00f4tre ! Voici quelques exemples de ces\u00a0camps : CAMP FRANCE 2008\/2010: \u00ab CAMP France 2008\/2010\u00bb est un camp qui nous est [&hellip;]<\/p>\n","protected":false},"author":1,"featured_media":199,"parent":0,"menu_order":60,"comment_status":"closed","ping_status":"closed","template":"","meta":{"_monsterinsights_skip_tracking":false,"_monsterinsights_sitenote_active":false,"_monsterinsights_sitenote_note":"","_monsterinsights_sitenote_category":0,"footnotes":""},"class_list":["post-38","page","type-page","status-publish","has-post-thumbnail","hentry"],"_links":{"self":[{"href":"https:\/\/leihouse.com\/de\/wp-json\/wp\/v2\/pages\/38","targetHints":{"allow":["GET"]}}],"collection":[{"href":"https:\/\/leihouse.com\/de\/wp-json\/wp\/v2\/pages"}],"about":[{"href":"https:\/\/leihouse.com\/de\/wp-json\/wp\/v2\/types\/page"}],"author":[{"embeddable":true,"href":"https:\/\/leihouse.com\/de\/wp-json\/wp\/v2\/users\/1"}],"replies":[{"embeddable":true,"href":"https:\/\/leihouse.com\/de\/wp-json\/wp\/v2\/comments?post=38"}],"version-history":[{"count":11,"href":"https:\/\/leihouse.com\/de\/wp-json\/wp\/v2\/pages\/38\/revisions"}],"predecessor-version":[{"id":973,"href":"https:\/\/leihouse.com\/de\/wp-json\/wp\/v2\/pages\/38\/revisions\/973"}],"wp:featuredmedia":[{"embeddable":true,"href":"https:\/\/leihouse.com\/de\/wp-json\/wp\/v2\/media\/199"}],"wp:attachment":[{"href":"https:\/\/leihouse.com\/de\/wp-json\/wp\/v2\/media?parent=38"}],"curies":[{"name":"wp","href":"https:\/\/api.w.org\/{rel}","templated":true}]}}