{"id":899,"date":"2017-01-09T21:31:53","date_gmt":"2017-01-09T21:31:53","guid":{"rendered":"http:\/\/leihouse.com\/veroeffentlichungen"},"modified":"2020-01-07T20:12:56","modified_gmt":"2020-01-07T20:12:56","slug":"veroeffentlichungen","status":"publish","type":"page","link":"https:\/\/leihouse.com\/de\/industrieforschung\/veroeffentlichungen","title":{"rendered":"Ver\u00f6ffentlichungen"},"content":{"rendered":"<p class=\"p1\"><span class=\"s1\"><b>PhD:<\/b><\/span><\/p>\n<ul class=\"ul1\">\n<li class=\"li1\"><span class=\"s1\">Gammes et cotation pour le r\u00e9glage des machines-outils de d\u00e9colletage &#8211;\u00a0Ephra\u00efm James Martin Goldschmidt\u00a0&#8211; Th\u00e8se de doctorat en G\u00e9nie m\u00e9canique &#8211; <i>Universit\u00e9 de Savoie Annecy-Chamb\u00e9ry (2009)\u00a0<\/i><a href=\"https:\/\/hal.archives-ouvertes.fr\/tel-01053861\/document\"><span class=\"s3\"><i>(download)<\/i><\/span><\/a><\/span><\/li>\n<\/ul>\n<p class=\"p1\"><span class=\"s1\"><b>Wissenschaftliche Artikel:<\/b><\/span><\/p>\n<ul class=\"ul1\">\n<li class=\"li1\"><b><\/b><span class=\"s1\"><b>D\u00e9termination syst\u00e9matique des \u00e9tapes de contr\u00f4le et des cotes de fabrication pour les proc\u00e9d\u00e9s d&#8217;usinage<\/b> &#8211;\u00a0Ephraim Goldschmidt, Eric Pairel <i>&#8211;\u00a018\u00e8me Congr\u00e8s Fran\u00e7ais de M\u00e9canique, Grenoble : France (2007) <\/i><a href=\"http:\/\/hal.archives-ouvertes.fr\/hal-00488031\"><span class=\"s3\"><i>(download)<\/i><\/span><\/a><\/span><\/li>\n<li class=\"li1\"><b><\/b><span class=\"s1\"><b>Process plans and manufacturing dimensions for the steering of machining: The Copilot-Pro methodology<\/b> &#8211;\u00a0Eric Pairel, Ephraim Goldschmidt, Benjamin Vayre, Boukar Abdelhakim, Maurice Pillet\u00a0<a href=\"http:\/\/hal.archives-ouvertes.fr\/hal-00762793\"><span class=\"s3\">(download)<\/span><\/a><\/span><\/li>\n<li class=\"li1\"><b><\/b><span class=\"s1\"><b>Copilot Pro\u00ae: A full method for a steering of the machining <\/b>&#8211;\u00a0Eric Pairel, Ephraim Goldschmidt, B. Vayre, Pierre-Antoine Adragna, Maurice Pillet &#8211;<i>\u00a0International Journal of Metrology and Quality Engineering 2 (2011) pp. 39-44 <\/i><a href=\"http:\/\/hal.archives-ouvertes.fr\/hal-00632055\"><span class=\"s3\"><i>(download)<\/i><\/span><\/a><\/span><\/li>\n<li class=\"li1\"><b><\/b><span class=\"s1\"><b>The pilot dimensions method: reconciling steering and conformity in workshops<\/b> &#8211;\u00a0Eric Pairel, Ephraim Goldschmidt, Pierre-Antoine Adragna, Pascal Hernandez, Maurice Pillet &#8211;\u00a0<i>International Journal of Production Research 49, 19 (2011) pp. 5943-5956 <\/i><a href=\"http:\/\/hal.archives-ouvertes.fr\/hal-00547684\"><span class=\"s3\"><i>(download)<\/i><\/span><\/a><\/span><\/li>\n<li class=\"li1\"><b><\/b><span class=\"s1\"><b>Copilot Pro\u00ae : Une m\u00e9thode compl\u00e8te pour le pilotage des usinages <\/b>&#8211;\u00a0Eric Pairel, Ephraim Goldschmidt, B. Vayre, Pierre-Antoine Adragna, Maurice Pillet <i>&#8211;\u00a0Qualita 2011, Angers : France (2011) <\/i><a href=\"http:\/\/hal.archives-ouvertes.fr\/hal-00577714\"><span class=\"s3\"><i>(download)<\/i><\/span><\/a><\/span><\/li>\n<li class=\"li1\"><b><\/b><span class=\"s1\"><b>Changeover from the functional geometric tolerances to the dimensional parameters to supervise in production<\/b> &#8211;\u00a0Ephraim Goldschmidt, Eric Pairel, Max Giordano, Maurice Pillet &#8211;\u00a0<i>Computer Aided Tolerancing (CAT) 2007, Erlangen : Allemagne (2007) <\/i><a href=\"http:\/\/hal.archives-ouvertes.fr\/hal-00333152\"><span class=\"s3\"><i>(access)<\/i><\/span><\/a><\/span><\/li>\n<li class=\"li1\"><b><\/b><span class=\"s1\"><b>Changeover from the functional geometric tolerances to the dimensional parameters to be supervised in production<\/b> &#8211;\u00a0Ephra\u00efm Goldschmidt, Eric Pairel, Max Giordano, Maurice Pillet &#8211;\u00a0CIRP Journal of Manufacturing Systems 36, 7 (2007) 305&#8211;309 <a href=\"http:\/\/hal.archives-ouvertes.fr\/hal-00420002\"><span class=\"s3\">(access)<\/span><\/a><\/span><\/li>\n<\/ul>\n<p class=\"p1\"><span class=\"s1\"><b>Patente:<\/b><\/span><\/p>\n<ul class=\"ul1\">\n<li class=\"li1\"><span class=\"s1\"><strong>Method for preparing adjustments of tools, device for preparing adjustments of tools, and method for adjusting tools<\/strong> \u00a0-Inventors: Ephra\u00efm James Martin Goldschmidt, Eric Pairel &#8211; <i>EP 2213395 \u00a0(A1) &#8211; International classification :\u00a0B23B1\/00; G05B19\/4093 &#8211; (04\/08\/2010) &#8211;\u00a0<\/i><a href=\"http:\/\/fr.espacenet.com\/e\/publicationDetails\/biblio?FT=D&amp;date=20100804&amp;DB=fr.espacenet.com&amp;locale=fr_FR&amp;CC=EP&amp;NR=2213395A1&amp;KC=A1\"><span class=\"s3\"><i>(<\/i><\/span><\/a><a href=\"https:\/\/worldwide.espacenet.com\/publicationDetails\/biblio?FT=D&amp;date=20100804&amp;DB=EPODOC&amp;locale=en_EP&amp;CC=EP&amp;NR=2213395A1&amp;KC=A1&amp;ND=7\"><span class=\"s3\"><i>access<\/i><\/span><\/a><a href=\"http:\/\/fr.espacenet.com\/e\/publicationDetails\/biblio?FT=D&amp;date=20100804&amp;DB=fr.espacenet.com&amp;locale=fr_FR&amp;CC=EP&amp;NR=2213395A1&amp;KC=A1\"><span class=\"s3\"><i>)<\/i><\/span><\/a><\/span><\/li>\n<li class=\"li1\"><strong>Machining installation and associated method<\/strong>\u00a0 &#8211;\u00a0Inventors: Patrice Laurent, Roger Busi, Ephra\u00efm Goldschmidt &#8211;\u00a0 <em>EP20150172092 20150615<\/em> &#8211;<em> International classification :\u00a0 B07C5\/00; B23Q15\/22; B23Q17\/20; B23Q7\/12; G05B19\/418 &#8211; Cooperative classification: \u00a0 <\/em><br \/>\n<em>B23Q15\/22; B23Q17\/20; B23Q7\/12 &#8211; (23\/12\/2015) &#8211; <a href=\"https:\/\/worldwide.espacenet.com\/publicationDetails\/biblio?FT=D&amp;date=20151223&amp;DB=EPODOC&amp;locale=en_EP&amp;CC=EP&amp;NR=2957384A1&amp;KC=A1&amp;ND=5\">(access)<\/a><\/em><br \/>\n<b><\/b><\/li>\n<\/ul>\n<p class=\"p1\"><span class=\"s1\"><b>In Verbindung stehende Artikel:<\/b><\/span><\/p>\n<ul class=\"ul1\">\n<li class=\"li1\"><b><\/b><span class=\"s1\"><b>D\u00e9tection du d\u00e9r\u00e9glage le plus probable d&#8217;un processus d&#8217;usinage par outil coupant <\/b>&#8211;\u00a0Boukar Abdelhakim, Maurice Pillet, Eric Pairel &#8211;\u00a0<i>Conception &amp; Production Int\u00e9gr\u00e9es, Tlemcen : France (2013) <\/i><a href=\"http:\/\/hal.univ-savoie.fr\/hal-00926535\"><span class=\"s3\"><i>(download)<\/i><\/span><\/a><\/span><\/li>\n<li class=\"li1\"><b><\/b><span class=\"s1\"><b>Strat\u00e9gies de r\u00e9glage optimales d&#8217;un processus de fabrication m\u00e9canique<\/b> &#8211;\u00a0Maurice Pillet, Eric Pairel, Boukar Abdelhakim &#8211;\u00a0<i>MUGV 2012, SAINT ETIENNE : France (2012) <\/i><a href=\"http:\/\/hal.archives-ouvertes.fr\/hal-00753500\"><span class=\"s3\"><i>(access)<\/i><\/span><\/a><\/span><\/li>\n<li class=\"li1\"><b><\/b><span class=\"s1\"><b>Utilisation du tol\u00e9rancement g\u00e9om\u00e9trique pour le r\u00e9glage des machines-outils : Le pilotage inertiel total <\/b>&#8211;\u00a0Boukar Abdelhakim, Eric Pairel, Maurice Pillet, Alain Sergent &#8211;\u00a0<i>MUVG 2012, SAINT ETIENNE : France (2012) <\/i><a href=\"http:\/\/hal.archives-ouvertes.fr\/hal-00753485\"><span class=\"s3\"><i>(access)<\/i><\/span><\/a><\/span><\/li>\n<li class=\"li1\"><b><\/b><span class=\"s1\"><b>Diff\u00e9rentes strat\u00e9gies de filtrage en pilotage inertiel multicrit\u00e8res<\/b> &#8211;\u00a0Maurice Pillet, Eric Pairel, Jean-Luc Maire, Boukar Abdelhakim &#8211;\u00a0<i>7\u00e8me Conf\u00e9rence Internationale en Conception &amp; Production Int\u00e9gr\u00e9es, Oujda : Maroc (2011) <\/i><a href=\"http:\/\/hal.archives-ouvertes.fr\/hal-00634863\"><span class=\"s3\"><i>(download)<\/i><\/span><\/a><\/span><\/li>\n<li class=\"li1\"><b><\/b><span class=\"s1\"><b>Determination of an adjusting rule in the case of multi-criteria inertial piloting<\/b> &#8211;\u00a0Maurice Pillet, Eric Pairel &#8211;\u00a0<i>International Journal of Metrology and Quality Engineering 2, 1 (2011) pp. 51-59 <\/i><a href=\"http:\/\/hal.archives-ouvertes.fr\/hal-00632057\"><span class=\"s3\"><i>(access)<\/i><\/span><\/a><\/span><\/li>\n<li class=\"li1\"><b><\/b><span class=\"s1\"><b>Total inertial tolerancing, a new way to drive production<\/b> &#8211;\u00a0Maurice Pillet, Dimitri Denimal, Eric Pairel, Serge Samper &#8211;\u00a0<i>Journal of Machine Engineering 9, 3 (2009) 12 <\/i><a href=\"http:\/\/hal.archives-ouvertes.fr\/hal-00547718\"><span class=\"s3\"><i>(access)<\/i><\/span><\/a><\/span><\/li>\n<li class=\"li1\"><b><\/b><span class=\"s1\"><b>Inertial tolerancing and acceptance sampling<\/b> &#8211;\u00a0Maurice Pillet, Jean-Luc Maire &#8211;\u00a0<i>International Journal of Engineering and Innovative Technology (IJEIT) 2, 10 (2013) pp. 265-271 &#8211; <\/i><a href=\"http:\/\/hal.archives-ouvertes.fr\/hal-00834744\"><span class=\"s3\"><i>(access)<\/i><\/span><\/a><\/span><\/li>\n<li class=\"li1\"><b><\/b><span class=\"s1\"><b>Multivariate SPC for Total Inertial Tolerancing<\/b> &#8211;\u00a0Maurice Pillet, Abdelhakim Boukar, Eric Pairel, Bastien Rizzon, Nassim Boudaoud, Zohra Cherfi &#8211;\u00a0<i>QUALITA2013, Compi\u00e8gne : France (2013) <\/i><a href=\"http:\/\/hal.archives-ouvertes.fr\/hal-00823166\"><span class=\"s3\"><i>(download)<\/i><\/span><\/a><\/span><\/li>\n<li class=\"li1\"><b><\/b><span class=\"s1\"><b>The adjustment and monitoring of freeform surfaces using inertial tolerancing <\/b>&#8211;\u00a0Dimitri Denimal, Maurice Pillet, Alain Sergent &#8211; <i>SIGURAREA CALITATII &#8211; QUALITY ASSURANCE XVII, 65 (2011) <\/i><a href=\"http:\/\/hal.archives-ouvertes.fr\/hal-00651111\"><span class=\"s3\"><i>(download)<\/i><\/span><\/a><\/span><\/li>\n<li class=\"li1\"><b><\/b><span class=\"s1\"><b>Recherche d&#8217;une r\u00e8gle de r\u00e9glage fond\u00e9e sur la fonction de distribution des \u00e9carts de production et de r\u00e9glage<\/b> &#8211;\u00a0Daniel Duret, Maurice Pillet &#8211;\u00a07\u00e8me Conf\u00e9rence Internationale en Conception &amp; Production Int\u00e9gr\u00e9e, Oujda : Maroc (2011) <a href=\"http:\/\/hal.archives-ouvertes.fr\/hal-00650835\"><span class=\"s3\">(download)<\/span><\/a><\/span><\/li>\n<\/ul>\n<p class=\"p1\"><span class=\"s1\"><b>In Verbindung stehende PhD:<\/b><\/span><\/p>\n<ul class=\"ul1\">\n<li class=\"li1\"><b><\/b><span class=\"s1\"><b>D\u00e9ploiement du tol\u00e9rancement inertiel dans la relation client fournisseur <\/b>&#8211;\u00a0Dimitri Denimal &#8211;\u00a0<i>Universit\u00e9 de Savoie (19\/11\/2009), Maurice Pillet (Dir.) <\/i><a href=\"http:\/\/tel.archives-ouvertes.fr\/tel-00445871\"><span class=\"s3\"><i>(download)<\/i><\/span><\/a><\/span><\/li>\n<li class=\"li3\"><b><\/b><span class=\"s4\"><b>Pilotage des usinages tridimensionnels<\/b> &#8211;\u00a0Boukar Abdelhakim &#8211;\u00a0<i>Universit\u00e9 de Grenoble (22\/01\/2014), Maurice Pillet;\u00c9ric Pairel (Dir.) <\/i><a href=\"http:\/\/tel.archives-ouvertes.fr\/tel-00947691\"><span class=\"s5\"><i>(download)<\/i><\/span><\/a><\/span><\/li>\n<\/ul>\n","protected":false},"excerpt":{"rendered":"<p>PhD: Gammes et cotation pour le r\u00e9glage des machines-outils de d\u00e9colletage &#8211;\u00a0Ephra\u00efm James Martin Goldschmidt\u00a0&#8211; Th\u00e8se de doctorat en G\u00e9nie m\u00e9canique &#8211; Universit\u00e9 de Savoie Annecy-Chamb\u00e9ry (2009)\u00a0(download) Wissenschaftliche Artikel: D\u00e9termination syst\u00e9matique des \u00e9tapes de contr\u00f4le et des cotes de fabrication pour les proc\u00e9d\u00e9s d&#8217;usinage &#8211;\u00a0Ephraim Goldschmidt, Eric Pairel &#8211;\u00a018\u00e8me Congr\u00e8s Fran\u00e7ais de M\u00e9canique, Grenoble : [&hellip;]<\/p>\n","protected":false},"author":1,"featured_media":1102,"parent":885,"menu_order":90,"comment_status":"closed","ping_status":"closed","template":"","meta":{"_monsterinsights_skip_tracking":false,"_monsterinsights_sitenote_active":false,"_monsterinsights_sitenote_note":"","_monsterinsights_sitenote_category":0,"footnotes":""},"class_list":["post-899","page","type-page","status-publish","has-post-thumbnail","hentry"],"_links":{"self":[{"href":"https:\/\/leihouse.com\/de\/wp-json\/wp\/v2\/pages\/899","targetHints":{"allow":["GET"]}}],"collection":[{"href":"https:\/\/leihouse.com\/de\/wp-json\/wp\/v2\/pages"}],"about":[{"href":"https:\/\/leihouse.com\/de\/wp-json\/wp\/v2\/types\/page"}],"author":[{"embeddable":true,"href":"https:\/\/leihouse.com\/de\/wp-json\/wp\/v2\/users\/1"}],"replies":[{"embeddable":true,"href":"https:\/\/leihouse.com\/de\/wp-json\/wp\/v2\/comments?post=899"}],"version-history":[{"count":1,"href":"https:\/\/leihouse.com\/de\/wp-json\/wp\/v2\/pages\/899\/revisions"}],"predecessor-version":[{"id":1295,"href":"https:\/\/leihouse.com\/de\/wp-json\/wp\/v2\/pages\/899\/revisions\/1295"}],"up":[{"embeddable":true,"href":"https:\/\/leihouse.com\/de\/wp-json\/wp\/v2\/pages\/885"}],"wp:featuredmedia":[{"embeddable":true,"href":"https:\/\/leihouse.com\/de\/wp-json\/wp\/v2\/media\/1102"}],"wp:attachment":[{"href":"https:\/\/leihouse.com\/de\/wp-json\/wp\/v2\/media?parent=899"}],"curies":[{"name":"wp","href":"https:\/\/api.w.org\/{rel}","templated":true}]}}