{"id":902,"date":"2017-01-09T23:17:52","date_gmt":"2017-01-09T23:17:52","guid":{"rendered":"http:\/\/leihouse.com\/ackerbau"},"modified":"2017-01-09T23:17:52","modified_gmt":"2017-01-09T23:17:52","slug":"ackerbau","status":"publish","type":"page","link":"https:\/\/leihouse.com\/de\/ackerbau","title":{"rendered":"Ackerbau"},"content":{"rendered":"<p>Ackerbau ist eine der wichtigsten Aktivit\u00e4ten der Farm. Haupts\u00e4chlich pflanzen wir Mais, Weizen und Raps, die ohne Bew\u00e4sserung in unserer Region wachsen. Respekt vor der Umwelt ist\u00a0einer unsere Priorit\u00e4ten den letzten Jahrzehnte, Einf\u00fchrung von Mindest Bodenarbeit und Reduktion von Chemikalien. Zum Beispiel Trichogramma sind in Mais eingesetzt, um den Maisz\u00fcnsler zu bek\u00e4mpfen. Trichogramma sind endoparasitoids, dass ihre Eier legen in den Eiern des Maisz\u00fcnslers, als Ergebnis, es auf nat\u00fcrliche Weise zerst\u00f6rt. Um Kohlenstoff-Fu\u00dfabdruck zu minimisieren werden\u00a0Unn\u00f6tige Transport von Kulturpflanzen verhindert, indem die Lastwagen direkt auf dem Hof verladen werden. Sp\u00e4ter werden die Getreide \u00fcber den Rhein per Schiff wegtransportiert.<\/p>\n<p>Die Felder werden vorbereitet f\u00fcr die Bepflanzung:<\/p>\n<p class=\"p2\"><a href=\"https:\/\/leihouse.com\/wp-content\/uploads\/2017\/01\/Agrotron_210.jpg\"><img loading=\"lazy\" decoding=\"async\" class=\"alignnone wp-image-255 size-large\" src=\"https:\/\/leihouse.com\/wp-content\/uploads\/2017\/01\/Agrotron_210-1024x681.jpg\" width=\"640\" height=\"426\" srcset=\"https:\/\/leihouse.com\/wp-content\/uploads\/2017\/01\/Agrotron_210-1024x681.jpg 1024w, https:\/\/leihouse.com\/wp-content\/uploads\/2017\/01\/Agrotron_210-300x200.jpg 300w, https:\/\/leihouse.com\/wp-content\/uploads\/2017\/01\/Agrotron_210-768x511.jpg 768w, https:\/\/leihouse.com\/wp-content\/uploads\/2017\/01\/Agrotron_210.jpg 1600w\" sizes=\"auto, (max-width: 640px) 100vw, 640px\" \/><\/a><\/p>\n<p class=\"p2\">Feld jetzt bereit f\u00fcr die Bepflanzung:<\/p>\n<p class=\"p2\"><a href=\"https:\/\/leihouse.com\/wp-content\/uploads\/2017\/01\/Field_Ready_For_Planting.jpg\"><img loading=\"lazy\" decoding=\"async\" class=\"alignnone size-large wp-image-256\" src=\"https:\/\/leihouse.com\/wp-content\/uploads\/2017\/01\/Field_Ready_For_Planting-1024x681.jpg\" alt=\"\" width=\"640\" height=\"426\" srcset=\"https:\/\/leihouse.com\/wp-content\/uploads\/2017\/01\/Field_Ready_For_Planting-1024x681.jpg 1024w, https:\/\/leihouse.com\/wp-content\/uploads\/2017\/01\/Field_Ready_For_Planting-300x200.jpg 300w, https:\/\/leihouse.com\/wp-content\/uploads\/2017\/01\/Field_Ready_For_Planting-768x511.jpg 768w, https:\/\/leihouse.com\/wp-content\/uploads\/2017\/01\/Field_Ready_For_Planting.jpg 1600w\" sizes=\"auto, (max-width: 640px) 100vw, 640px\" \/><\/a><\/p>\n<p class=\"p2\">Das Mais Einpflanzen :<\/p>\n<p class=\"p2\"><a href=\"https:\/\/leihouse.com\/wp-content\/uploads\/2017\/01\/Agrotron_150.jpg\"><img loading=\"lazy\" decoding=\"async\" class=\"alignnone size-large wp-image-254\" src=\"https:\/\/leihouse.com\/wp-content\/uploads\/2017\/01\/Agrotron_150-1024x681.jpg\" alt=\"\" width=\"640\" height=\"426\" srcset=\"https:\/\/leihouse.com\/wp-content\/uploads\/2017\/01\/Agrotron_150-1024x681.jpg 1024w, https:\/\/leihouse.com\/wp-content\/uploads\/2017\/01\/Agrotron_150-300x200.jpg 300w, https:\/\/leihouse.com\/wp-content\/uploads\/2017\/01\/Agrotron_150-768x511.jpg 768w, https:\/\/leihouse.com\/wp-content\/uploads\/2017\/01\/Agrotron_150.jpg 1600w\" sizes=\"auto, (max-width: 640px) 100vw, 640px\" \/><\/a><\/p>\n<p class=\"p2\">Wir pflantzen auch Weizen:<\/p>\n<p class=\"p2\"><a href=\"https:\/\/leihouse.com\/wp-content\/uploads\/2017\/01\/Wheat_Field_Ready_For_Harvest.jpg\"><img loading=\"lazy\" decoding=\"async\" class=\"alignnone size-large wp-image-258\" src=\"https:\/\/leihouse.com\/wp-content\/uploads\/2017\/01\/Wheat_Field_Ready_For_Harvest-1024x681.jpg\" alt=\"\" width=\"640\" height=\"426\" srcset=\"https:\/\/leihouse.com\/wp-content\/uploads\/2017\/01\/Wheat_Field_Ready_For_Harvest-1024x681.jpg 1024w, https:\/\/leihouse.com\/wp-content\/uploads\/2017\/01\/Wheat_Field_Ready_For_Harvest-300x200.jpg 300w, https:\/\/leihouse.com\/wp-content\/uploads\/2017\/01\/Wheat_Field_Ready_For_Harvest-768x511.jpg 768w, https:\/\/leihouse.com\/wp-content\/uploads\/2017\/01\/Wheat_Field_Ready_For_Harvest.jpg 1600w\" sizes=\"auto, (max-width: 640px) 100vw, 640px\" \/><\/a><\/p>\n<p class=\"p2\">Das Ernten ist immer ein gro\u00dfes Ereignis:<\/p>\n<p class=\"p2\"><a href=\"https:\/\/leihouse.com\/wp-content\/uploads\/2017\/01\/Wheat_Field_Havest.jpg\"><img loading=\"lazy\" decoding=\"async\" class=\"alignnone size-large wp-image-257\" src=\"https:\/\/leihouse.com\/wp-content\/uploads\/2017\/01\/Wheat_Field_Havest-1024x681.jpg\" alt=\"\" width=\"640\" height=\"426\" srcset=\"https:\/\/leihouse.com\/wp-content\/uploads\/2017\/01\/Wheat_Field_Havest-1024x681.jpg 1024w, https:\/\/leihouse.com\/wp-content\/uploads\/2017\/01\/Wheat_Field_Havest-300x200.jpg 300w, https:\/\/leihouse.com\/wp-content\/uploads\/2017\/01\/Wheat_Field_Havest-768x511.jpg 768w, https:\/\/leihouse.com\/wp-content\/uploads\/2017\/01\/Wheat_Field_Havest.jpg 1600w\" sizes=\"auto, (max-width: 640px) 100vw, 640px\" \/><\/a><\/p>\n<p class=\"p2\">Ein geerntetes Weizenfeld:<\/p>\n<p class=\"p2\"><a href=\"https:\/\/leihouse.com\/wp-content\/uploads\/2017\/01\/Wheat_Field_Straw_Rows.jpg\"><img loading=\"lazy\" decoding=\"async\" class=\"alignnone size-large wp-image-253\" src=\"https:\/\/leihouse.com\/wp-content\/uploads\/2017\/01\/Wheat_Field_Straw_Rows-1024x681.jpg\" alt=\"\" width=\"640\" height=\"426\" srcset=\"https:\/\/leihouse.com\/wp-content\/uploads\/2017\/01\/Wheat_Field_Straw_Rows-1024x681.jpg 1024w, https:\/\/leihouse.com\/wp-content\/uploads\/2017\/01\/Wheat_Field_Straw_Rows-300x200.jpg 300w, https:\/\/leihouse.com\/wp-content\/uploads\/2017\/01\/Wheat_Field_Straw_Rows-768x511.jpg 768w, https:\/\/leihouse.com\/wp-content\/uploads\/2017\/01\/Wheat_Field_Straw_Rows.jpg 1600w\" sizes=\"auto, (max-width: 640px) 100vw, 640px\" \/><\/a><\/p>\n<p class=\"p2\">Viel Spa\u00df f\u00fcr den Kindern:<\/p>\n<p class=\"p2\"><a href=\"https:\/\/leihouse.com\/wp-content\/uploads\/2017\/02\/Agrotron_210_Kids.jpg\"><img loading=\"lazy\" decoding=\"async\" class=\"alignnone size-large wp-image-529\" src=\"https:\/\/leihouse.com\/wp-content\/uploads\/2017\/02\/Agrotron_210_Kids-960x638.jpg\" alt=\"\" width=\"640\" height=\"425\" srcset=\"https:\/\/leihouse.com\/wp-content\/uploads\/2017\/02\/Agrotron_210_Kids-960x638.jpg 960w, https:\/\/leihouse.com\/wp-content\/uploads\/2017\/02\/Agrotron_210_Kids-595x396.jpg 595w, https:\/\/leihouse.com\/wp-content\/uploads\/2017\/02\/Agrotron_210_Kids-768x511.jpg 768w\" sizes=\"auto, (max-width: 640px) 100vw, 640px\" \/><\/a><\/p>\n<p class=\"p2\">\u00a0<a href=\"https:\/\/leihouse.com\/\">Startseite<\/a>\u00a0|\u00a0<a href=\"https:\/\/leihouse.com\/category\/farming\">Media<\/a><\/p>\n","protected":false},"excerpt":{"rendered":"<p>Ackerbau ist eine der wichtigsten Aktivit\u00e4ten der Farm. Haupts\u00e4chlich pflanzen wir Mais, Weizen und Raps, die ohne Bew\u00e4sserung in unserer Region wachsen. Respekt vor der Umwelt ist\u00a0einer unsere Priorit\u00e4ten den letzten Jahrzehnte, Einf\u00fchrung von Mindest Bodenarbeit und Reduktion von Chemikalien. Zum Beispiel Trichogramma sind in Mais eingesetzt, um den Maisz\u00fcnsler zu bek\u00e4mpfen. Trichogramma sind endoparasitoids, [&hellip;]<\/p>\n","protected":false},"author":1,"featured_media":1097,"parent":0,"menu_order":20,"comment_status":"closed","ping_status":"closed","template":"","meta":{"_monsterinsights_skip_tracking":false,"_monsterinsights_sitenote_active":false,"_monsterinsights_sitenote_note":"","_monsterinsights_sitenote_category":0,"footnotes":""},"class_list":["post-902","page","type-page","status-publish","has-post-thumbnail","hentry"],"_links":{"self":[{"href":"https:\/\/leihouse.com\/de\/wp-json\/wp\/v2\/pages\/902","targetHints":{"allow":["GET"]}}],"collection":[{"href":"https:\/\/leihouse.com\/de\/wp-json\/wp\/v2\/pages"}],"about":[{"href":"https:\/\/leihouse.com\/de\/wp-json\/wp\/v2\/types\/page"}],"author":[{"embeddable":true,"href":"https:\/\/leihouse.com\/de\/wp-json\/wp\/v2\/users\/1"}],"replies":[{"embeddable":true,"href":"https:\/\/leihouse.com\/de\/wp-json\/wp\/v2\/comments?post=902"}],"version-history":[{"count":0,"href":"https:\/\/leihouse.com\/de\/wp-json\/wp\/v2\/pages\/902\/revisions"}],"wp:featuredmedia":[{"embeddable":true,"href":"https:\/\/leihouse.com\/de\/wp-json\/wp\/v2\/media\/1097"}],"wp:attachment":[{"href":"https:\/\/leihouse.com\/de\/wp-json\/wp\/v2\/media?parent=902"}],"curies":[{"name":"wp","href":"https:\/\/api.w.org\/{rel}","templated":true}]}}