{"id":905,"date":"2017-01-11T06:56:38","date_gmt":"2017-01-11T06:56:38","guid":{"rendered":"http:\/\/leihouse.com\/historik"},"modified":"2021-12-11T19:27:11","modified_gmt":"2021-12-11T19:27:11","slug":"historik","status":"publish","type":"page","link":"https:\/\/leihouse.com\/de\/historik","title":{"rendered":"Historik"},"content":{"rendered":"<p>Wir freuen uns, Ihnen mitteilen zu k\u00f6nnen, dass die Familie Goldschmidt seit \u00fcber einem Jahrhundert auf dieser Farm lebt!<\/p>\n<p>Hier sind die wichtigsten Fakten und Zahlen:<\/p>\n<ul>\n<li>1900: Mein Gro\u00dfvater mietete diesen Hof vom Baron de Reinach,<\/li>\n<li>1970: Mein Gro\u00dfvater kaufte die Farm vom Comte de Kerveno\u00ebl,<\/li>\n<li>1975: Mein Vater und mein Onkel entwickelten dann Vieh- und<\/li>\n<li>Nutzpflanzenbau,<\/li>\n<li>1986: Die Bullen, wo dann f\u00fcr Pferde ausgetauscht, aber die Ackerbau fortgesetzt,<\/li>\n<li>2014: Ich \u00fcbernahm die Farm. Hey warum nicht?<\/li>\n<\/ul>\n<p>Ich mag diese alten Bilder von der Farm im Jahre 1962, die uns einen Einblick in das Leben unserer Vorfahren geben:<\/p>\n<figure id=\"attachment_1065\" aria-describedby=\"caption-attachment-1065\" style=\"width: 1600px\" class=\"wp-caption aligncenter\"><img loading=\"lazy\" decoding=\"async\" class=\"wp-image-1065\" src=\"https:\/\/leihouse.com\/wp-content\/uploads\/2017\/01\/20140228133900_001-e1484117486999-1024x687.jpg\" alt=\"Leihouse 1962 - Main house front vue\" width=\"1600\" height=\"1074\" srcset=\"https:\/\/leihouse.com\/wp-content\/uploads\/2017\/01\/20140228133900_001-e1484117486999-1024x687.jpg 1024w, https:\/\/leihouse.com\/wp-content\/uploads\/2017\/01\/20140228133900_001-e1484117486999-300x201.jpg 300w, https:\/\/leihouse.com\/wp-content\/uploads\/2017\/01\/20140228133900_001-e1484117486999-768x515.jpg 768w\" sizes=\"auto, (max-width: 1600px) 100vw, 1600px\" \/><figcaption id=\"caption-attachment-1065\" class=\"wp-caption-text\">Das Haupthaus, wie es Jahre zur\u00fcck war<\/figcaption><\/figure>\n<figure id=\"attachment_1067\" aria-describedby=\"caption-attachment-1067\" style=\"width: 1600px\" class=\"wp-caption aligncenter\"><img loading=\"lazy\" decoding=\"async\" class=\"wp-image-1067\" src=\"https:\/\/leihouse.com\/wp-content\/uploads\/2017\/01\/20140228134100_001-e1484117548818-1024x698.jpg\" alt=\"Leihouse 1962 - Main house back vue\" width=\"1600\" height=\"1091\" srcset=\"https:\/\/leihouse.com\/wp-content\/uploads\/2017\/01\/20140228134100_001-e1484117548818-1024x698.jpg 1024w, https:\/\/leihouse.com\/wp-content\/uploads\/2017\/01\/20140228134100_001-e1484117548818-300x205.jpg 300w, https:\/\/leihouse.com\/wp-content\/uploads\/2017\/01\/20140228134100_001-e1484117548818-768x524.jpg 768w\" sizes=\"auto, (max-width: 1600px) 100vw, 1600px\" \/><figcaption id=\"caption-attachment-1067\" class=\"wp-caption-text\">Das Haupthaus von hinten gesehen<\/figcaption><\/figure>\n<figure id=\"attachment_1069\" aria-describedby=\"caption-attachment-1069\" style=\"width: 1600px\" class=\"wp-caption aligncenter\"><img loading=\"lazy\" decoding=\"async\" class=\"wp-image-1069\" src=\"https:\/\/leihouse.com\/wp-content\/uploads\/2017\/01\/20140228134200_001-e1484117667317-1024x679.jpg\" alt=\"Leihouse 1962 - Vu towards Switzerland\" width=\"1600\" height=\"1061\" srcset=\"https:\/\/leihouse.com\/wp-content\/uploads\/2017\/01\/20140228134200_001-e1484117667317-1024x679.jpg 1024w, https:\/\/leihouse.com\/wp-content\/uploads\/2017\/01\/20140228134200_001-e1484117667317-300x199.jpg 300w, https:\/\/leihouse.com\/wp-content\/uploads\/2017\/01\/20140228134200_001-e1484117667317-768x509.jpg 768w\" sizes=\"auto, (max-width: 1600px) 100vw, 1600px\" \/><figcaption id=\"caption-attachment-1069\" class=\"wp-caption-text\">Die sicht in Richtung Schweiz<\/figcaption><\/figure>\n<figure id=\"attachment_1071\" aria-describedby=\"caption-attachment-1071\" style=\"width: 1600px\" class=\"wp-caption aligncenter\"><img loading=\"lazy\" decoding=\"async\" class=\"wp-image-1071\" src=\"https:\/\/leihouse.com\/wp-content\/uploads\/2017\/01\/20140228134300_001-e1484117745262-1024x679.jpg\" alt=\"Leihouse 1962 - Gardin\" width=\"1600\" height=\"1061\" srcset=\"https:\/\/leihouse.com\/wp-content\/uploads\/2017\/01\/20140228134300_001-e1484117745262-1024x679.jpg 1024w, https:\/\/leihouse.com\/wp-content\/uploads\/2017\/01\/20140228134300_001-e1484117745262-300x199.jpg 300w, https:\/\/leihouse.com\/wp-content\/uploads\/2017\/01\/20140228134300_001-e1484117745262-768x509.jpg 768w\" sizes=\"auto, (max-width: 1600px) 100vw, 1600px\" \/><figcaption id=\"caption-attachment-1071\" class=\"wp-caption-text\">Der alte Garten<\/figcaption><\/figure>\n<p><a href=\"https:\/\/leihouse.com\/\">Startseite<\/a>\u00a0| <a href=\"https:\/\/leihouse.com\/farming\">Ackerbau<\/a>\u00a0| <a href=\"https:\/\/leihouse.com\/model-airplanes\">Modellflugplatz<\/a>\u00a0| <a href=\"https:\/\/leihouse.com\/activities\">Veranstaltungen<\/a>\u00a0| <a href=\"https:\/\/leihouse.com\/industrial-research\">Industrieforschung<\/a>\u00a0| <a href=\"https:\/\/leihouse.com\/historique\">Historik<\/a>\u00a0| <a href=\"https:\/\/leihouse.com\/contact\">Kontakt<\/a><\/p>\n","protected":false},"excerpt":{"rendered":"<p>Wir freuen uns, Ihnen mitteilen zu k\u00f6nnen, dass die Familie Goldschmidt seit \u00fcber einem Jahrhundert auf dieser Farm lebt! Hier sind die wichtigsten Fakten und Zahlen: 1900: Mein Gro\u00dfvater mietete diesen Hof vom Baron de Reinach, 1970: Mein Gro\u00dfvater kaufte die Farm vom Comte de Kerveno\u00ebl, 1975: Mein Vater und mein Onkel entwickelten dann Vieh- [&hellip;]<\/p>\n","protected":false},"author":1,"featured_media":1046,"parent":0,"menu_order":100,"comment_status":"closed","ping_status":"closed","template":"","meta":{"_monsterinsights_skip_tracking":false,"_monsterinsights_sitenote_active":false,"_monsterinsights_sitenote_note":"","_monsterinsights_sitenote_category":0,"footnotes":""},"class_list":["post-905","page","type-page","status-publish","has-post-thumbnail","hentry"],"_links":{"self":[{"href":"https:\/\/leihouse.com\/de\/wp-json\/wp\/v2\/pages\/905","targetHints":{"allow":["GET"]}}],"collection":[{"href":"https:\/\/leihouse.com\/de\/wp-json\/wp\/v2\/pages"}],"about":[{"href":"https:\/\/leihouse.com\/de\/wp-json\/wp\/v2\/types\/page"}],"author":[{"embeddable":true,"href":"https:\/\/leihouse.com\/de\/wp-json\/wp\/v2\/users\/1"}],"replies":[{"embeddable":true,"href":"https:\/\/leihouse.com\/de\/wp-json\/wp\/v2\/comments?post=905"}],"version-history":[{"count":3,"href":"https:\/\/leihouse.com\/de\/wp-json\/wp\/v2\/pages\/905\/revisions"}],"predecessor-version":[{"id":1995,"href":"https:\/\/leihouse.com\/de\/wp-json\/wp\/v2\/pages\/905\/revisions\/1995"}],"wp:featuredmedia":[{"embeddable":true,"href":"https:\/\/leihouse.com\/de\/wp-json\/wp\/v2\/media\/1046"}],"wp:attachment":[{"href":"https:\/\/leihouse.com\/de\/wp-json\/wp\/v2\/media?parent=905"}],"curies":[{"name":"wp","href":"https:\/\/api.w.org\/{rel}","templated":true}]}}